{"id":426,"date":"2018-01-27T12:32:17","date_gmt":"2018-01-27T11:32:17","guid":{"rendered":"https:\/\/www.merida-yucatan.org\/cenotes-en-yucatan\/"},"modified":"2018-01-27T14:43:20","modified_gmt":"2018-01-27T13:43:20","slug":"cenotes-en-yucatan","status":"publish","type":"page","link":"https:\/\/www.merida-yucatan.org\/es\/cenotes-en-yucatan\/","title":{"rendered":"Cenotes en Yucat\u00e1n"},"content":{"rendered":"<p><span id=\"result_box\" class=\"\" lang=\"es\" tabindex=\"-1\"><span class=\"\">Hay cenotes abiertos, semiabiertos y subterr\u00e1neos, que tambi\u00e9n se pueden conectar mediante sistemas subterr\u00e1neos de cuevas submarinas.<\/span><\/span><\/p>\n<div class=\"pt-cv-wrapper\"><div class=\"pt-cv-view pt-cv-grid pt-cv-colsys pt-cv-same-height\" id=\"pt-cv-view-aecba7bzjy\"><div data-id=\"pt-cv-page-1\" class=\"pt-cv-page cv-npf\" data-cvc=\"2\" data-cvct=\"2\" data-cvcm=\"1\"><div class=\"col-md-6 col-sm-6 col-xs-12 pt-cv-content-item pt-cv-1-col\"  data-pid=\"0\"><div class='pt-cv-ifield'><div class=\"pt-cv-no-post\">No se han encontrado entradas.<\/div><\/div><\/div><\/div><\/div><\/div>\t\t\t<style type=\"text\/css\" id=\"pt-cv-inline-style-8c30ca3lud\">#pt-cv-view-aecba7bzjy .pt-cv-title a, #pt-cv-view-aecba7bzjy  .panel-title { font-size: 24px !important; line-height: 1.3 !important; }\n#pt-cv-view-aecba7bzjy .pt-cv-readmore  { color: #ffffff !important; background-color: #00aeef !important; }\n#pt-cv-view-aecba7bzjy .pt-cv-readmore:hover  { color: #ffffff !important; background-color: #00aeef !important; }<\/style>\r\n\t\t\t\n<figure id=\"attachment_73\" aria-describedby=\"caption-attachment-73\" style=\"width: 810px\" class=\"wp-caption alignnone\"><a href=\"https:\/\/www.merida-yucatan.org\/fotos\/\/Cenote-Bolonchoojol.jpg\" data-lbwps-width=\"1920\" data-lbwps-height=\"960\" data-lbwps-srcsmall=\"https:\/\/www.merida-yucatan.org\/fotos\/Cenote-Bolonchoojol-390x195.jpg\"><img loading=\"lazy\" decoding=\"async\" class=\"size-medium wp-image-73\" src=\"https:\/\/www.merida-yucatan.org\/fotos\/\/Cenote-Bolonchoojol-810x405.jpg\" alt=\"\" width=\"810\" height=\"405\" srcset=\"https:\/\/www.merida-yucatan.org\/fotos\/Cenote-Bolonchoojol-810x405.jpg 810w, https:\/\/www.merida-yucatan.org\/fotos\/Cenote-Bolonchoojol-390x195.jpg 390w, https:\/\/www.merida-yucatan.org\/fotos\/Cenote-Bolonchoojol-768x384.jpg 768w, https:\/\/www.merida-yucatan.org\/fotos\/Cenote-Bolonchoojol.jpg 1920w, https:\/\/www.merida-yucatan.org\/fotos\/Cenote-Bolonchoojol-1200x600.jpg 1200w\" sizes=\"auto, (max-width: 810px) 100vw, 810px\" \/><\/a><figcaption id=\"caption-attachment-73\" class=\"wp-caption-text\">Cenote Bolonchoojol<\/figcaption><\/figure>\n<figure id=\"attachment_307\" aria-describedby=\"caption-attachment-307\" style=\"width: 810px\" class=\"wp-caption alignnone\"><a href=\"https:\/\/www.merida-yucatan.org\/fotos\/\/Cenoten-Yucatan-2.jpg\" data-lbwps-width=\"1930\" data-lbwps-height=\"1365\" data-lbwps-srcsmall=\"https:\/\/www.merida-yucatan.org\/fotos\/Cenoten-Yucatan-2-390x276.jpg\"><img loading=\"lazy\" decoding=\"async\" class=\"size-medium wp-image-307\" src=\"https:\/\/www.merida-yucatan.org\/fotos\/\/Cenoten-Yucatan-2-810x573.jpg\" alt=\"Cenoten von Yucat\u00e1n\" width=\"810\" height=\"573\" srcset=\"https:\/\/www.merida-yucatan.org\/fotos\/Cenoten-Yucatan-2-810x573.jpg 810w, https:\/\/www.merida-yucatan.org\/fotos\/Cenoten-Yucatan-2-390x276.jpg 390w, https:\/\/www.merida-yucatan.org\/fotos\/Cenoten-Yucatan-2-768x543.jpg 768w, https:\/\/www.merida-yucatan.org\/fotos\/Cenoten-Yucatan-2-1920x1358.jpg 1920w, https:\/\/www.merida-yucatan.org\/fotos\/Cenoten-Yucatan-2.jpg 1930w\" sizes=\"auto, (max-width: 810px) 100vw, 810px\" \/><\/a><figcaption id=\"caption-attachment-307\" class=\"wp-caption-text\">Cenoten von Yucat\u00e1n<\/figcaption><\/figure>\n","protected":false},"excerpt":{"rendered":"<p>Hay cenotes abiertos, semiabiertos y subterr\u00e1neos, que tambi\u00e9n se pueden conectar mediante sistemas subterr\u00e1neos de cuevas submarinas.<\/p>\n","protected":false},"author":2,"featured_media":0,"parent":0,"menu_order":0,"comment_status":"open","ping_status":"open","template":"","meta":{"_genesis_hide_title":false,"_genesis_hide_breadcrumbs":false,"_genesis_hide_singular_image":false,"_genesis_hide_footer_widgets":false,"_genesis_custom_body_class":"","_genesis_custom_post_class":"","_genesis_layout":"","yasr_overall_rating":0,"yasr_post_is_review":"","yasr_auto_insert_disabled":"","yasr_review_type":"","footnotes":""},"class_list":{"0":"post-426","1":"page","2":"type-page","3":"status-publish","5":"entry","6":"has-post-thumbnail"},"yasr_visitor_votes":{"stars_attributes":{"read_only":false,"span_bottom":false},"number_of_votes":0,"sum_votes":0},"featured_image_src":null,"featured_image_src_square":null,"_links":{"self":[{"href":"https:\/\/www.merida-yucatan.org\/es\/wp-json\/wp\/v2\/pages\/426","targetHints":{"allow":["GET"]}}],"collection":[{"href":"https:\/\/www.merida-yucatan.org\/es\/wp-json\/wp\/v2\/pages"}],"about":[{"href":"https:\/\/www.merida-yucatan.org\/es\/wp-json\/wp\/v2\/types\/page"}],"author":[{"embeddable":true,"href":"https:\/\/www.merida-yucatan.org\/es\/wp-json\/wp\/v2\/users\/2"}],"replies":[{"embeddable":true,"href":"https:\/\/www.merida-yucatan.org\/es\/wp-json\/wp\/v2\/comments?post=426"}],"version-history":[{"count":1,"href":"https:\/\/www.merida-yucatan.org\/es\/wp-json\/wp\/v2\/pages\/426\/revisions"}],"predecessor-version":[{"id":427,"href":"https:\/\/www.merida-yucatan.org\/es\/wp-json\/wp\/v2\/pages\/426\/revisions\/427"}],"wp:attachment":[{"href":"https:\/\/www.merida-yucatan.org\/es\/wp-json\/wp\/v2\/media?parent=426"}],"curies":[{"name":"wp","href":"https:\/\/api.w.org\/{rel}","templated":true}]}}